{"id":293,"date":"2023-08-05T18:14:26","date_gmt":"2023-08-05T18:14:26","guid":{"rendered":"https:\/\/z.benedyktozog.pl\/?page_id=293"},"modified":"2023-09-01T10:55:40","modified_gmt":"2023-09-01T10:55:40","slug":"293-2","status":"publish","type":"page","link":"https:\/\/z.benedyktozog.pl\/","title":{"rendered":""},"content":{"rendered":"\n<h1 class=\"wp-block-heading has-text-align-center has-large-font-size\">Uczymy nastolatk\u00f3w<br>szacunku i odpowiedzialno\u015bci.<\/h1>\n\n\n\n<ul class=\"wp-block-list\">\n<li class=\"has-medium-font-size\"><strong>1&nbsp;LIVE <strong>\ud83d\udd34&nbsp;<\/strong> \u2014&nbsp;Dlaczego nastolatki si\u0119 buntuj\u0105?<\/strong><\/li>\n\n\n\n<li class=\"has-medium-font-size\"><strong>2&nbsp;LIVE <strong><strong>\ud83d\udd34<\/strong><\/strong> \u2014&nbsp;PRAKTYKA \u2014 Jak m\u00f3wi\u0107 o oczekiwanych, bez powtarzania i z\u0142o\u015bci?<\/strong><\/li>\n\n\n\n<li class=\"has-medium-font-size\"><strong>3 LIVE <strong><strong><strong>\ud83d\udd34<\/strong><\/strong><\/strong><\/strong> <strong>\u2014&nbsp;STRATEGIA NA ODPOWIEDZI &#8222;NIE&#8221; I PLAN MOTYWOWANIA DO TRUDNYCH WYZWA\u0143 NP.: NAUKI, SPRZ\u0104TANIA, OD\u0141O\u017bENIA EKRAN\u00d3W<\/strong><\/li>\n\n\n\n<li class=\"has-medium-font-size\"><strong>4 LIVE <strong><strong><strong>\ud83d\udd34<\/strong><\/strong><\/strong> \u2014 PRAKTYKA \u2014 JAK STA\u0106 SI\u0118 OGRODNIKIEM, NIE STRA\u017bNIKIEM?&nbsp;<\/strong><\/li>\n\n\n\n<li class=\"has-medium-font-size\"><strong>5 LIVE <strong><strong><strong>\ud83d\udd34<\/strong><\/strong><\/strong> &#8211; &#8222;M\u00d3WI\u0141, \u017bE ZROBI I NIE ZROBI\u0141&#8221; &#8211; JAK BEZ PRZYPOMINANIA UCZY\u0106 ODPOWIEDZIALNO\u015aCI I NIE STRACI\u0106 CIERPLIWO\u015aCI?<\/strong><\/li>\n\n\n\n<li class=\"has-medium-font-size\"><strong>6&nbsp;LIVE <strong><strong><strong>\ud83d\udd34<\/strong><\/strong><\/strong> \u2014 JAK M\u0104DRZE REAGOWA\u0106 NA AGRESJ\u0118, ABY NAUCZY\u0106 SZACUNKU?<\/strong><\/li>\n\n\n\n<li class=\"has-medium-font-size\"><strong>7&nbsp;LIVE <strong><strong><strong>\ud83d\udd34<\/strong><\/strong><\/strong> \u2014 JAK&nbsp;PORADZI\u0106 SOBIE Z KRYZYSEM, GDY JESTE\u015aMY SAMI?<\/strong><\/li>\n\n\n\n<li class=\"has-medium-font-size\"><strong>8&nbsp;LIVE <strong><strong><strong>\ud83d\udd34<\/strong><\/strong><\/strong> \u2014 JAK USTALAMY ZASADY I OBOWI\u0104ZKI,&nbsp;ABY WSZYSCY D\u0141UGO JE SZANOWALI?<\/strong><\/li>\n<\/ul>\n\n\n\n<figure class=\"wp-block-pullquote has-large-font-size\"><blockquote><p><strong>Moje zaj\u0119cia wygl\u0105daj\u0105 na \u0142atwe,&nbsp;<\/strong>ale s\u0105 bardzo trudne, dlatego daj\u0119 10 miesi\u0119cy wsparcia dla ka\u017cdego, kto wykonuje moje \u0107wiczenia.&nbsp;&nbsp;<\/p><\/blockquote><\/figure>\n\n\n\n<h2 class=\"wp-block-heading\">Mo\u017cesz kupi\u0107 bilet teraz<\/h2>\n\n\n\n<p>Klikaj\u0105c przycisk poni\u017cej, przejdziesz do p\u0142atno\u015bci<\/p>\n\n\n\n<p><strong>Aktualna cena: 897z\u0142<\/strong><\/p>\n\n\n\n<div class=\"wp-block-buttons is-layout-flex wp-block-buttons-is-layout-flex\">\n<div class=\"wp-block-button is-style-outline is-style-outline--1\"><a class=\"wp-block-button__link wp-element-button\" href=\"https:\/\/z.benedyktozog.pl\/?page_id=6&amp;add-to-cart=286\">Chc\u0119 kupi\u0107 bilet<\/a><\/div>\n<\/div>\n\n\n\n<figure class=\"wp-block-image size-full\"><a href=\"https:\/\/p.benedyktozog.pl\/wp-content\/uploads\/2023\/08\/banner_1215x200A-1024x169-1.png\"><img decoding=\"async\" src=\"https:\/\/p.benedyktozog.pl\/wp-content\/uploads\/2023\/08\/banner_1215x200A-1024x169-1.png\" alt=\"\" class=\"wp-image-883\"\/><\/a><\/figure>\n\n\n\n<p><a href=\"https:\/\/drive.google.com\/file\/d\/1EIK6o_jYMvzwo9edwCFDA4nXH-V5HxFv\/view?usp=sharing\">R<strong>egulamin sprzeda\u017cy towar\u00f3w lub us\u0142ug<\/strong>.<\/a><\/p>\n\n\n\n<p><a href=\"https:\/\/drive.google.com\/file\/d\/1f85g99-GdXFYKfTQfEvnQyvb-N0E0I1L\/view?usp=sharing\" target=\"_blank\" rel=\"noreferrer noopener\">Polityka prywatno\u015bci.<\/a><\/p>\n","protected":false},"excerpt":{"rendered":"<p>Uczymy nastolatk\u00f3wszacunku i odpowiedzialno\u015bci. Moje zaj\u0119cia wygl\u0105daj\u0105 na \u0142atwe,&nbsp;ale s\u0105 bardzo trudne, dlatego daj\u0119 10 miesi\u0119cy wsparcia dla ka\u017cdego, kto wykonuje moje \u0107wiczenia.&nbsp;&nbsp; Mo\u017cesz kupi\u0107 bilet teraz Klikaj\u0105c przycisk poni\u017cej, przejdziesz do p\u0142atno\u015bci Aktualna cena: 897z\u0142 Regulamin sprzeda\u017cy towar\u00f3w lub us\u0142ug. Polityka prywatno\u015bci.<\/p>\n","protected":false},"author":1,"featured_media":0,"parent":0,"menu_order":0,"comment_status":"closed","ping_status":"closed","template":"","meta":{"footnotes":""},"class_list":["post-293","page","type-page","status-publish","hentry"],"_links":{"self":[{"href":"https:\/\/z.benedyktozog.pl\/index.php?rest_route=\/wp\/v2\/pages\/293","targetHints":{"allow":["GET"]}}],"collection":[{"href":"https:\/\/z.benedyktozog.pl\/index.php?rest_route=\/wp\/v2\/pages"}],"about":[{"href":"https:\/\/z.benedyktozog.pl\/index.php?rest_route=\/wp\/v2\/types\/page"}],"author":[{"embeddable":true,"href":"https:\/\/z.benedyktozog.pl\/index.php?rest_route=\/wp\/v2\/users\/1"}],"replies":[{"embeddable":true,"href":"https:\/\/z.benedyktozog.pl\/index.php?rest_route=%2Fwp%2Fv2%2Fcomments&post=293"}],"version-history":[{"count":4,"href":"https:\/\/z.benedyktozog.pl\/index.php?rest_route=\/wp\/v2\/pages\/293\/revisions"}],"predecessor-version":[{"id":300,"href":"https:\/\/z.benedyktozog.pl\/index.php?rest_route=\/wp\/v2\/pages\/293\/revisions\/300"}],"wp:attachment":[{"href":"https:\/\/z.benedyktozog.pl\/index.php?rest_route=%2Fwp%2Fv2%2Fmedia&parent=293"}],"curies":[{"name":"wp","href":"https:\/\/api.w.org\/{rel}","templated":true}]}}