{"id":6,"date":"2023-03-03T15:16:38","date_gmt":"2023-03-03T15:16:38","guid":{"rendered":"https:\/\/z.benedyktozog.pl\/?page_id=6"},"modified":"2023-03-03T15:16:39","modified_gmt":"2023-03-03T15:16:39","slug":"zamowienie","status":"publish","type":"page","link":"https:\/\/z.benedyktozog.pl\/?page_id=6","title":{"rendered":"Zam\u00f3wienie"},"content":{"rendered":"<div class=\"row\"><div class=\"col-sm-8 content_koszyk\"><div id=\"edd_checkout_wrap\"><div id=\"edd_checkout_form_wrap\"><span class=\"edd_empty_cart\">Tw\u00f3j koszyk jest pusty.<\/span><\/div><\/div><!--end #edd_checkout_wrap--><\/div>\n\t<div class=\"col-sm-4 koszyk_right\"><div class=\"tytul_ikona\">\n\t\t\t<img decoding=\"async\" src=\"https:\/\/z.benedyktozog.pl\/wp-content\/plugins\/wp-idea\/templates\/scarlet\/assets\/img\/gwiazda check.png\"  style=\"height:20px;\"> Gwarancja satysfakcji\n\t\t<\/div>\n\t\t<div class=\"zwykly_tekst\"><p>Je\u017celi z jakiego\u015b powodu proponowane rozwi\u0105zania si\u0119 u Ciebie nie <br>sprawdz\u0105 i dasz mi o tym zna\u0107 do 2 tygodni od dokonania zakupu, zwr\u00f3c\u0119 <br>Ci pieni\u0105dze.<\/p>Benedykt O\u017c\u00f3g\n\t\t<\/div><div class=\"tytul_ikona\">\n\t\t\t<img decoding=\"async\" src=\"https:\/\/z.benedyktozog.pl\/wp-content\/plugins\/wp-idea\/templates\/scarlet\/assets\/img\/klodka2.png\"  style=\"height:20px;\"> Bezpieczne p\u0142atno\u015bci\n\t\t<\/div>\n\t\t<div class=\"platnosci\"><img decoding=\"async\" src=\"https:\/\/z.benedyktozog.pl\/wp-content\/plugins\/wp-idea\/templates\/scarlet\/assets\/img\/paynow.png\" \/><img decoding=\"async\" src=\"https:\/\/z.benedyktozog.pl\/wp-content\/plugins\/wp-idea\/templates\/scarlet\/assets\/img\/mastercard.png\"\/><\/div><\/div>\t\n\t<\/div>\n","protected":false},"excerpt":{"rendered":"","protected":false},"author":1,"featured_media":0,"parent":0,"menu_order":0,"comment_status":"closed","ping_status":"closed","template":"","meta":{"footnotes":""},"class_list":["post-6","page","type-page","status-publish","hentry"],"_links":{"self":[{"href":"https:\/\/z.benedyktozog.pl\/index.php?rest_route=\/wp\/v2\/pages\/6","targetHints":{"allow":["GET"]}}],"collection":[{"href":"https:\/\/z.benedyktozog.pl\/index.php?rest_route=\/wp\/v2\/pages"}],"about":[{"href":"https:\/\/z.benedyktozog.pl\/index.php?rest_route=\/wp\/v2\/types\/page"}],"author":[{"embeddable":true,"href":"https:\/\/z.benedyktozog.pl\/index.php?rest_route=\/wp\/v2\/users\/1"}],"replies":[{"embeddable":true,"href":"https:\/\/z.benedyktozog.pl\/index.php?rest_route=%2Fwp%2Fv2%2Fcomments&post=6"}],"version-history":[{"count":1,"href":"https:\/\/z.benedyktozog.pl\/index.php?rest_route=\/wp\/v2\/pages\/6\/revisions"}],"predecessor-version":[{"id":10,"href":"https:\/\/z.benedyktozog.pl\/index.php?rest_route=\/wp\/v2\/pages\/6\/revisions\/10"}],"wp:attachment":[{"href":"https:\/\/z.benedyktozog.pl\/index.php?rest_route=%2Fwp%2Fv2%2Fmedia&parent=6"}],"curies":[{"name":"wp","href":"https:\/\/api.w.org\/{rel}","templated":true}]}}